{"id":19,"date":"2022-02-18T13:15:32","date_gmt":"2022-02-18T13:15:32","guid":{"rendered":"https:\/\/dwm24.pl\/blog\/?page_id=19"},"modified":"2023-09-06T13:05:50","modified_gmt":"2023-09-06T13:05:50","slug":"kontakt","status":"publish","type":"page","link":"https:\/\/dwm24.pl\/blog\/kontakt\/","title":{"rendered":"Kontakt"},"content":{"rendered":"\n<div itemprop=\"location\" itemscope itemtype=\"http:\/\/schema.org\/Organization\" class=\"wp-block-jetpack-contact-info\">\n<div class=\"wp-block-jetpack-email\"><a itemprop=\"email\" href=\"mailto:dwm@dwm24.pl\">dwm@dwm24.pl<\/a><\/div>\n\n\n\n<div class=\"wp-block-jetpack-phone\"><span itemprop=\"telephone\"><a href=\"tel:510508779\">510508779<\/a><\/span><\/div>\n\n\n\n<div itemprop=\"address\" itemscope itemtype=\"http:\/\/schema.org\/PostalAddress\" class=\"wp-block-jetpack-address\" ><a href=\"https:\/\/www.google.com\/maps\/search\/DWM+Tomasz Matysek,ul. Senatorska 25,+Warka,+05-660\" target=\"_blank\" rel=\"noopener noreferrer\" title=\"Open address in Google Maps\"><div itemprop=\"streetAddress\" class=\"jetpack-address__address jetpack-address__address1\">DWM Tomasz Matysek<\/div><div itemprop=\"streetAddress\" class=\"jetpack-address__address jetpack-address__address2\">ul. Senatorska 25<\/div><div><span itemprop=\"addressLocality\" class=\"jetpack-address__city\">Warka<\/span>, <span itemprop=\"addressRegion\" class=\"jetpack-address__region\"><\/span> <span itemprop=\"postalCode\" class=\"jetpack-address__postal\">05-660<\/span><\/div><\/a><\/div>\n<\/div>\n\n\n\n<p>Masz jakie\u015b pytania? Napisz do nas!<\/p>\n\n\n<div class=\"wp-block-jetpack-contact-form\"><a href=\"https:\/\/dwm24.pl\/blog\/kontakt\/\" target=\"_blank\" rel=\"noopener noreferrer\">Submit a form.<\/a><\/div>","protected":false},"excerpt":{"rendered":"<p>Masz jakie\u015b pytania? Napisz do nas!<\/p>\n","protected":false},"author":1,"featured_media":0,"parent":0,"menu_order":0,"comment_status":"closed","ping_status":"closed","template":"","meta":[],"yoast_head":"<!-- This site is optimized with the Yoast SEO plugin v19.7.2 - https:\/\/yoast.com\/wordpress\/plugins\/seo\/ -->\n<title>Kontakt - DWM - pomagamy, aby mieszka\u0142o si\u0119 lepiej<\/title>\n<meta name=\"robots\" content=\"index, follow, max-snippet:-1, max-image-preview:large, max-video-preview:-1\" \/>\n<link rel=\"canonical\" href=\"https:\/\/dwm24.pl\/blog\/kontakt\/\" \/>\n<meta property=\"og:locale\" content=\"pl_PL\" \/>\n<meta property=\"og:type\" content=\"article\" \/>\n<meta property=\"og:title\" content=\"Kontakt - DWM - pomagamy, aby mieszka\u0142o si\u0119 lepiej\" \/>\n<meta property=\"og:description\" content=\"Masz jakie\u015b pytania? Napisz do nas!\" \/>\n<meta property=\"og:url\" content=\"https:\/\/dwm24.pl\/blog\/kontakt\/\" \/>\n<meta property=\"og:site_name\" content=\"DWM - pomagamy, aby mieszka\u0142o si\u0119 lepiej\" \/>\n<meta property=\"article:publisher\" content=\"https:\/\/www.facebook.com\/dwm24\" \/>\n<meta property=\"article:modified_time\" content=\"2023-09-06T13:05:50+00:00\" \/>\n<meta name=\"twitter:card\" content=\"summary_large_image\" \/>\n<meta name=\"twitter:label1\" content=\"Szacowany czas czytania\" \/>\n\t<meta name=\"twitter:data1\" content=\"1 minuta\" \/>\n<script type=\"application\/ld+json\" class=\"yoast-schema-graph\">{\"@context\":\"https:\/\/schema.org\",\"@graph\":[{\"@type\":\"WebPage\",\"@id\":\"https:\/\/dwm24.pl\/blog\/kontakt\/\",\"url\":\"https:\/\/dwm24.pl\/blog\/kontakt\/\",\"name\":\"Kontakt - DWM - pomagamy, aby mieszka\u0142o si\u0119 lepiej\",\"isPartOf\":{\"@id\":\"https:\/\/dwm24.pl\/blog\/#website\"},\"datePublished\":\"2022-02-18T13:15:32+00:00\",\"dateModified\":\"2023-09-06T13:05:50+00:00\",\"breadcrumb\":{\"@id\":\"https:\/\/dwm24.pl\/blog\/kontakt\/#breadcrumb\"},\"inLanguage\":\"pl-PL\",\"potentialAction\":[{\"@type\":\"ReadAction\",\"target\":[\"https:\/\/dwm24.pl\/blog\/kontakt\/\"]}]},{\"@type\":\"BreadcrumbList\",\"@id\":\"https:\/\/dwm24.pl\/blog\/kontakt\/#breadcrumb\",\"itemListElement\":[{\"@type\":\"ListItem\",\"position\":1,\"name\":\"Strona g\u0142\u00f3wna\",\"item\":\"https:\/\/dwm24.pl\/blog\/\"},{\"@type\":\"ListItem\",\"position\":2,\"name\":\"Kontakt\"}]},{\"@type\":\"WebSite\",\"@id\":\"https:\/\/dwm24.pl\/blog\/#website\",\"url\":\"https:\/\/dwm24.pl\/blog\/\",\"name\":\"DWM - pomagamy, aby mieszka\u0142o si\u0119 lepiej\",\"description\":\"\",\"publisher\":{\"@id\":\"https:\/\/dwm24.pl\/blog\/#organization\"},\"potentialAction\":[{\"@type\":\"SearchAction\",\"target\":{\"@type\":\"EntryPoint\",\"urlTemplate\":\"https:\/\/dwm24.pl\/blog\/?s={search_term_string}\"},\"query-input\":\"required name=search_term_string\"}],\"inLanguage\":\"pl-PL\"},{\"@type\":\"Organization\",\"@id\":\"https:\/\/dwm24.pl\/blog\/#organization\",\"name\":\"DWM - pomagamy, aby mieszka\u0142o si\u0119 lepiej\",\"url\":\"https:\/\/dwm24.pl\/blog\/\",\"sameAs\":[\"https:\/\/www.instagram.com\/dwm24.pl\/\",\"https:\/\/www.facebook.com\/dwm24\"],\"logo\":{\"@type\":\"ImageObject\",\"inLanguage\":\"pl-PL\",\"@id\":\"https:\/\/dwm24.pl\/blog\/#\/schema\/logo\/image\/\",\"url\":\"https:\/\/dwm24.pl\/blog\/wp-content\/uploads\/2022\/02\/cropped-logo_zlote-1-1200x900-1.png\",\"contentUrl\":\"https:\/\/dwm24.pl\/blog\/wp-content\/uploads\/2022\/02\/cropped-logo_zlote-1-1200x900-1.png\",\"width\":1200,\"height\":900,\"caption\":\"DWM - pomagamy, aby mieszka\u0142o si\u0119 lepiej\"},\"image\":{\"@id\":\"https:\/\/dwm24.pl\/blog\/#\/schema\/logo\/image\/\"}}]}<\/script>\n<!-- \/ Yoast SEO plugin. -->","yoast_head_json":{"title":"Kontakt - DWM - pomagamy, aby mieszka\u0142o si\u0119 lepiej","robots":{"index":"index","follow":"follow","max-snippet":"max-snippet:-1","max-image-preview":"max-image-preview:large","max-video-preview":"max-video-preview:-1"},"canonical":"https:\/\/dwm24.pl\/blog\/kontakt\/","og_locale":"pl_PL","og_type":"article","og_title":"Kontakt - DWM - pomagamy, aby mieszka\u0142o si\u0119 lepiej","og_description":"Masz jakie\u015b pytania? Napisz do nas!","og_url":"https:\/\/dwm24.pl\/blog\/kontakt\/","og_site_name":"DWM - pomagamy, aby mieszka\u0142o si\u0119 lepiej","article_publisher":"https:\/\/www.facebook.com\/dwm24","article_modified_time":"2023-09-06T13:05:50+00:00","twitter_card":"summary_large_image","twitter_misc":{"Szacowany czas czytania":"1 minuta"},"schema":{"@context":"https:\/\/schema.org","@graph":[{"@type":"WebPage","@id":"https:\/\/dwm24.pl\/blog\/kontakt\/","url":"https:\/\/dwm24.pl\/blog\/kontakt\/","name":"Kontakt - DWM - pomagamy, aby mieszka\u0142o si\u0119 lepiej","isPartOf":{"@id":"https:\/\/dwm24.pl\/blog\/#website"},"datePublished":"2022-02-18T13:15:32+00:00","dateModified":"2023-09-06T13:05:50+00:00","breadcrumb":{"@id":"https:\/\/dwm24.pl\/blog\/kontakt\/#breadcrumb"},"inLanguage":"pl-PL","potentialAction":[{"@type":"ReadAction","target":["https:\/\/dwm24.pl\/blog\/kontakt\/"]}]},{"@type":"BreadcrumbList","@id":"https:\/\/dwm24.pl\/blog\/kontakt\/#breadcrumb","itemListElement":[{"@type":"ListItem","position":1,"name":"Strona g\u0142\u00f3wna","item":"https:\/\/dwm24.pl\/blog\/"},{"@type":"ListItem","position":2,"name":"Kontakt"}]},{"@type":"WebSite","@id":"https:\/\/dwm24.pl\/blog\/#website","url":"https:\/\/dwm24.pl\/blog\/","name":"DWM - pomagamy, aby mieszka\u0142o si\u0119 lepiej","description":"","publisher":{"@id":"https:\/\/dwm24.pl\/blog\/#organization"},"potentialAction":[{"@type":"SearchAction","target":{"@type":"EntryPoint","urlTemplate":"https:\/\/dwm24.pl\/blog\/?s={search_term_string}"},"query-input":"required name=search_term_string"}],"inLanguage":"pl-PL"},{"@type":"Organization","@id":"https:\/\/dwm24.pl\/blog\/#organization","name":"DWM - pomagamy, aby mieszka\u0142o si\u0119 lepiej","url":"https:\/\/dwm24.pl\/blog\/","sameAs":["https:\/\/www.instagram.com\/dwm24.pl\/","https:\/\/www.facebook.com\/dwm24"],"logo":{"@type":"ImageObject","inLanguage":"pl-PL","@id":"https:\/\/dwm24.pl\/blog\/#\/schema\/logo\/image\/","url":"https:\/\/dwm24.pl\/blog\/wp-content\/uploads\/2022\/02\/cropped-logo_zlote-1-1200x900-1.png","contentUrl":"https:\/\/dwm24.pl\/blog\/wp-content\/uploads\/2022\/02\/cropped-logo_zlote-1-1200x900-1.png","width":1200,"height":900,"caption":"DWM - pomagamy, aby mieszka\u0142o si\u0119 lepiej"},"image":{"@id":"https:\/\/dwm24.pl\/blog\/#\/schema\/logo\/image\/"}}]}},"jetpack_sharing_enabled":true,"_links":{"self":[{"href":"https:\/\/dwm24.pl\/blog\/wp-json\/wp\/v2\/pages\/19"}],"collection":[{"href":"https:\/\/dwm24.pl\/blog\/wp-json\/wp\/v2\/pages"}],"about":[{"href":"https:\/\/dwm24.pl\/blog\/wp-json\/wp\/v2\/types\/page"}],"author":[{"embeddable":true,"href":"https:\/\/dwm24.pl\/blog\/wp-json\/wp\/v2\/users\/1"}],"replies":[{"embeddable":true,"href":"https:\/\/dwm24.pl\/blog\/wp-json\/wp\/v2\/comments?post=19"}],"version-history":[{"count":3,"href":"https:\/\/dwm24.pl\/blog\/wp-json\/wp\/v2\/pages\/19\/revisions"}],"predecessor-version":[{"id":296,"href":"https:\/\/dwm24.pl\/blog\/wp-json\/wp\/v2\/pages\/19\/revisions\/296"}],"wp:attachment":[{"href":"https:\/\/dwm24.pl\/blog\/wp-json\/wp\/v2\/media?parent=19"}],"curies":[{"name":"wp","href":"https:\/\/api.w.org\/{rel}","templated":true}]}}